{"id":1176,"date":"2026-05-14T15:18:54","date_gmt":"2026-05-14T15:18:54","guid":{"rendered":"https:\/\/everydaygoodies.shop\/?post_type=product&#038;p=1176"},"modified":"2026-05-14T15:22:58","modified_gmt":"2026-05-14T15:22:58","slug":"master-hand-shoulder-and-neck-massager-cervical-electric-real-hands-kneading-massage-with-heat-shiatsu-deep-tissue-pain-relief-for-shoulder-neck-back-muscle1pc","status":"publish","type":"product","link":"https:\/\/everydaygoodies.shop\/de\/produkt\/master-hand-shoulder-and-neck-massager-cervical-electric-real-hands-kneading-massage-with-heat-shiatsu-deep-tissue-pain-relief-for-shoulder-neck-back-muscle1pc\/","title":{"rendered":"Master Hand Shoulder and Neck Massager Cervical, Electric Real Hands Kneading Massage with Heat, Shiatsu Deep Tissue Pain Relief for Shoulder Neck Back Muscle(1PC)"},"content":{"rendered":"<div data-elementor-type=\"product-post\" data-elementor-id=\"1176\" class=\"elementor elementor-1176\" data-elementor-post-type=\"product\">\n\t\t\t\t<div class=\"elementor-element elementor-element-f62eb4c e-flex e-con-boxed e-con e-parent\" data-id=\"f62eb4c\" data-element_type=\"container\" data-e-type=\"container\" data-settings=\"{&quot;ekit_has_onepagescroll_dot&quot;:&quot;yes&quot;}\">\n\t\t\t\t\t<div class=\"e-con-inner\">\n\t\t\t\t<div class=\"elementor-element elementor-element-6617b5f8 elementor-widget elementor-widget-text-editor\" data-id=\"6617b5f8\" data-element_type=\"widget\" data-e-type=\"widget\" data-settings=\"{&quot;ekit_we_effect_on&quot;:&quot;none&quot;}\" data-widget_type=\"text-editor.default\">\n\t\t\t\t\t\t\t\t\t<p style=\"text-align: center;\"><\/p>\n<p style=\"text-align: center;\">\u00a0<img fetchpriority=\"high\" decoding=\"async\" class=\"alignnone size-full wp-image-16431\" src=\"https:\/\/teal-lobster-750471.hostingersite.com\/wp-content\/uploads\/2026\/01\/S9fbbc6fbe87548ba94389374ed7afb34c.webp\" alt=\"\" width=\"800\" height=\"328\" \/><\/p>\n<p style=\"text-align: center;\"><img decoding=\"async\" class=\"alignnone size-full wp-image-16428\" src=\"https:\/\/teal-lobster-750471.hostingersite.com\/wp-content\/uploads\/2026\/01\/S7c853bec06804ab3b1be79336a649d23m-1.webp\" alt=\"\" width=\"800\" height=\"495\" \/><\/p>\n<p style=\"text-align: center;\"><img decoding=\"async\" class=\"alignnone size-full wp-image-16418\" src=\"https:\/\/teal-lobster-750471.hostingersite.com\/wp-content\/uploads\/2026\/01\/Sf88fa87cbcf146dabbf3ced0fb27d85fP.webp\" alt=\"\" width=\"800\" height=\"495\" \/><\/p>\n<p style=\"text-align: center;\"><img loading=\"lazy\" decoding=\"async\" class=\"alignnone size-full wp-image-16429\" src=\"https:\/\/teal-lobster-750471.hostingersite.com\/wp-content\/uploads\/2026\/01\/Sf6cf61e07fef45dd8449666e59aa91c8q-1.webp\" alt=\"\" width=\"800\" height=\"495\" \/><\/p>\n<p style=\"text-align: center;\">\u00a0<img loading=\"lazy\" decoding=\"async\" class=\"alignnone size-full wp-image-16420\" src=\"https:\/\/teal-lobster-750471.hostingersite.com\/wp-content\/uploads\/2026\/01\/S9871355d24764e99b5fdda32e9d49af54.webp\" alt=\"\" width=\"800\" height=\"495\" \/><\/p>\n<p style=\"text-align: center;\"><img loading=\"lazy\" decoding=\"async\" class=\"alignnone size-full wp-image-16433\" src=\"https:\/\/teal-lobster-750471.hostingersite.com\/wp-content\/uploads\/2026\/01\/S6e28cc69b8fa46d5b6fc3ff33aaba463X-1.webp\" alt=\"\" width=\"800\" height=\"800\" \/><\/p>\n<p style=\"text-align: center;\"><img loading=\"lazy\" decoding=\"async\" class=\"alignnone size-full wp-image-16434\" src=\"https:\/\/teal-lobster-750471.hostingersite.com\/wp-content\/uploads\/2026\/01\/S2672b8e019f34265b9a01583527b6c86p.webp\" alt=\"\" width=\"800\" height=\"800\" \/><\/p>\n<p style=\"text-align: center;\"><img loading=\"lazy\" decoding=\"async\" class=\"alignnone size-full wp-image-16435\" src=\"https:\/\/teal-lobster-750471.hostingersite.com\/wp-content\/uploads\/2026\/01\/Sb170fa29705b4d9198a3eda024c0d389z.webp\" alt=\"\" width=\"800\" height=\"800\" \/><\/p>\n<p style=\"text-align: center;\"><img loading=\"lazy\" decoding=\"async\" class=\"alignnone size-full wp-image-16436\" src=\"https:\/\/teal-lobster-750471.hostingersite.com\/wp-content\/uploads\/2026\/01\/Sd0e35b0e0a7f470fa8258cf3f16bb1cau.webp\" alt=\"\" width=\"800\" height=\"800\" \/><\/p>\n<img loading=\"lazy\" decoding=\"async\" class=\"alignnone size-full wp-image-16437 aligncenter\" src=\"https:\/\/teal-lobster-750471.hostingersite.com\/wp-content\/uploads\/2026\/01\/S04f8880207464465b3ab66c849f86838G-1.webp\" alt=\"\" width=\"800\" height=\"800\" \/>\n<div class=\"elementor-widget-container\">\nProduktinformationen\n<div class=\"product-table\">\n<div class=\"product-row\">\n<div class=\"product-label\">Besondere Merkmale<\/div>\n<div class=\"product-value\">Tiefgreifende Massage, Mehrere Massage Modi, W\u00e4rmefunktion, Tragbar, Einstellbare Intensit\u00e4t<\/div>\n<\/div>\n<div class=\"product-row\">\n<div class=\"product-label\"><strong>Farbe<\/strong><\/div>\n<div class=\"product-value\"><strong>Schwarz, Grau<\/strong><\/div>\n<\/div>\n<div class=\"product-row\">\n<div class=\"product-label\"><strong>Marke<\/strong><\/div>\n<div class=\"product-value\"><strong>COSTWAY<\/strong><\/div>\n<\/div>\n<div class=\"product-row\">\n<div class=\"product-label\"><strong>Produktma\u00dfe<\/strong><\/div>\n<div class=\"product-value\"><strong>Passform f\u00fcr Schulter &#038; Nacken, Ergonomisches Design<\/strong><\/div>\n<\/div>\n<div class=\"product-row\">\n<div class=\"product-label\"><strong>Artikelgewicht<\/strong><\/div>\n<div class=\"product-value\"><strong>Leicht, leicht zu transportieren<\/strong><\/div>\n<\/div>\n<div class=\"product-row\">\n<div class=\"product-label\"><strong>Enthaltene Komponenten<\/strong><\/div>\n<div class=\"product-value\"><strong>1 Schulter-Nacken-Massageger\u00e4t, 1 USB-Ladekabel, 1 Bedienungsanleitung, 1 Tragetasche<\/strong><\/div>\n<\/div>\n<div class=\"product-row\">\n<div class=\"product-label\"><strong>Hersteller<\/strong><\/div>\n<div class=\"product-value\"><strong>COSTWAY<\/strong><\/div>\n<\/div>\n<div class=\"product-row\">\n<div class=\"product-label\"><strong>ASIN<\/strong><\/div>\n<div class=\"product-value\"><strong>B0F6NM24WN<\/strong><\/div>\n<\/div>\n<div class=\"product-row\">\n<div class=\"product-label\"><strong>Produktmodellnummer<\/strong><\/div>\n<div class=\"product-value\"><strong>88012-CY<\/strong><\/div>\n<\/div>\n<div class=\"product-row\">\n<div class=\"product-label\"><strong>Durchschnittliche Kundenbewertung<\/strong><\/div>\n<div class=\"product-value\"><strong>4,7 \u2605\u2605\u2605\u2605\u2606 (586) 4,7 von 5 Sternen<\/strong><\/div>\n<\/div>\n<div class=\"product-row\">\n<div class=\"product-label\"><strong>Platzierung in den Amazon Bestsellern<\/strong><\/div>\n<div class=\"product-value\"><strong>Nr.5.692 in Gesundheit &#038; Pflege (Top 100 in Gesundheit &#038; Pflege anzeigen) Nr.2 in Nacken-Massageger\u00e4te<\/strong><\/div>\n<\/div>\n<div class=\"product-row\">\n<div class=\"product-label\"><strong>Produkt seit auf amazon.com<\/strong><\/div>\n<div class=\"product-value\"><strong>28. April 2025<\/strong><\/div>\n<\/div>\n<\/div>\n<style>\n.product-table {\nwidth: 100%;\nborder-top: 1px solid #000;\nfont-family: Arial, sans-serif;\n}\n.product-row {\ndisplay: flex;\nborder-bottom: 1px solid #000;\npadding: 12px 0;\n}\n.product-label {\nflex: 1;\nfont-weight: bold;\nmin-width: 200px;\npadding-right: 20px;\n}\n.product-value {\nflex: 1;\nmin-width: 200px;\n}\n<\/style>\t\t\t\t\t\t\t\t<\/div>\n\t\t\t\t\t<\/div>\n\t\t\t\t<\/div>\n\t\t\t\t<\/div>","protected":false},"excerpt":{"rendered":"<p>\u00a0 \u00a0 Produktinformationen Besondere Merkmale Tiefgreifende Massage, Mehrere Massage Modi, W\u00e4rmefunktion, Tragbar, Einstellbare Intensit\u00e4t Farbe Schwarz, Grau Marke COSTWAY Produktma\u00dfe Passform f\u00fcr Schulter &#038; Nacken, Ergonomisches Design Artikelgewicht Leicht, leicht zu transportieren Enthaltene Komponenten 1 Schulter-Nacken-Massageger\u00e4t, 1 USB-Ladekabel, 1 Bedienungsanleitung, 1 Tragetasche Hersteller COSTWAY ASIN B0F6NM24WN Produktmodellnummer 88012-CY Durchschnittliche Kundenbewertung 4,7 \u2605\u2605\u2605\u2605\u2606 (586) 4,7 von [&hellip;]<\/p>\n","protected":false},"featured_media":1179,"comment_status":"open","ping_status":"closed","template":"","meta":{"_acf_changed":false},"product_brand":[],"product_cat":[32,35],"product_tag":[],"class_list":{"0":"post-1176","1":"product","2":"type-product","3":"status-publish","4":"has-post-thumbnail","6":"product_cat-gifting","7":"product_cat-new-in","9":"first","10":"instock","11":"sale","12":"shipping-taxable","13":"purchasable","14":"product-type-variable","15":"has-default-attributes","16":"wvs-archive-product-wrapper"},"acf":[],"_links":{"self":[{"href":"https:\/\/everydaygoodies.shop\/de\/wp-json\/wp\/v2\/product\/1176","targetHints":{"allow":["GET"]}}],"collection":[{"href":"https:\/\/everydaygoodies.shop\/de\/wp-json\/wp\/v2\/product"}],"about":[{"href":"https:\/\/everydaygoodies.shop\/de\/wp-json\/wp\/v2\/types\/product"}],"replies":[{"embeddable":true,"href":"https:\/\/everydaygoodies.shop\/de\/wp-json\/wp\/v2\/comments?post=1176"}],"version-history":[{"count":4,"href":"https:\/\/everydaygoodies.shop\/de\/wp-json\/wp\/v2\/product\/1176\/revisions"}],"predecessor-version":[{"id":1214,"href":"https:\/\/everydaygoodies.shop\/de\/wp-json\/wp\/v2\/product\/1176\/revisions\/1214"}],"wp:featuredmedia":[{"embeddable":true,"href":"https:\/\/everydaygoodies.shop\/de\/wp-json\/wp\/v2\/media\/1179"}],"wp:attachment":[{"href":"https:\/\/everydaygoodies.shop\/de\/wp-json\/wp\/v2\/media?parent=1176"}],"wp:term":[{"taxonomy":"product_brand","embeddable":true,"href":"https:\/\/everydaygoodies.shop\/de\/wp-json\/wp\/v2\/product_brand?post=1176"},{"taxonomy":"product_cat","embeddable":true,"href":"https:\/\/everydaygoodies.shop\/de\/wp-json\/wp\/v2\/product_cat?post=1176"},{"taxonomy":"product_tag","embeddable":true,"href":"https:\/\/everydaygoodies.shop\/de\/wp-json\/wp\/v2\/product_tag?post=1176"}],"curies":[{"name":"wp","href":"https:\/\/api.w.org\/{rel}","templated":true}]}}